{"id":6908,"date":"2021-09-14T21:06:09","date_gmt":"2021-09-14T21:06:09","guid":{"rendered":"https:\/\/decolonia.org\/?page_id=6908"},"modified":"2022-05-10T11:58:45","modified_gmt":"2022-05-10T11:58:45","slug":"indernet-2021","status":"publish","type":"page","link":"https:\/\/decolonia.org\/de\/indernet-2021\/","title":{"rendered":"INDERNET 2021"},"content":{"rendered":"<section class=\"l-section wpb_row height_medium\"><div class=\"l-section-h i-cf\"><div class=\"g-cols vc_row via_flex valign_top type_default stacking_default\"><div class=\"vc_col-sm-12 wpb_column vc_column_container\"><div class=\"vc_column-inner\"><div class=\"wpb_wrapper\"><div class=\"wpb_text_column\"><div class=\"wpb_wrapper\"><h2>2021<\/h2>\n<\/div><\/div><\/div><\/div><\/div><\/div><\/div><\/section><section class=\"l-section wpb_row height_auto\"><div class=\"l-section-h i-cf\"><div class=\"g-cols vc_row via_flex valign_top type_default stacking_default\"><div class=\"vc_col-sm-12 wpb_column vc_column_container\"><div class=\"vc_column-inner\"><div class=\"wpb_wrapper\"><div class=\"w-video align_none ratio_16x9 has_iframe\"><div class=\"w-video-h\"><iframe title=\"Youtube video player\" src=\"\/\/www.youtube.com\/embed\/2zwfbL7PJZs?autoplay=0&controls=1&origin=https:\/\/decolonia.org\/de&loop=0&mute=0\" allowfullscreen=\"1\" loading=\"lazy\"><\/iframe><\/div><\/div><div class=\"w-separator size_large\"><\/div><\/div><\/div><\/div><\/div><\/div><\/section><section class=\"l-section wpb_row height_medium\"><div class=\"l-section-h i-cf\"><div class=\"g-cols vc_row via_flex valign_top type_default stacking_default\"><div class=\"vc_col-sm-12 wpb_column vc_column_container\"><div class=\"vc_column-inner\"><div class=\"wpb_wrapper\"><div class=\"wpb_text_column\"><div class=\"wpb_wrapper\"><h2>\u00dcbersicht<\/h2>\n<\/div><\/div><div class=\"w-separator size_medium\"><\/div><div class=\"w-image align_none\"><div class=\"w-image-h\"><img decoding=\"async\" width=\"1573\" height=\"1329\" src=\"https:\/\/decolonia.org\/wp-content\/uploads\/2022\/05\/21_INDERNET_Overview_Programme_ohne_header.jpg\" class=\"attachment-full size-full\" alt=\"\" loading=\"lazy\" srcset=\"https:\/\/decolonia.org\/wp-content\/uploads\/2022\/05\/21_INDERNET_Overview_Programme_ohne_header.jpg 1573w, https:\/\/decolonia.org\/wp-content\/uploads\/2022\/05\/21_INDERNET_Overview_Programme_ohne_header-300x253.jpg 300w, https:\/\/decolonia.org\/wp-content\/uploads\/2022\/05\/21_INDERNET_Overview_Programme_ohne_header-1024x865.jpg 1024w\" sizes=\"auto, (max-width: 1573px) 100vw, 1573px\" \/><\/div><\/div><\/div><\/div><\/div><\/div><\/div><\/section><section class=\"l-section wpb_row height_medium\"><div class=\"l-section-h i-cf\"><div class=\"g-cols vc_row via_flex valign_top type_default stacking_default\"><div class=\"vc_col-sm-12 wpb_column vc_column_container\"><div class=\"vc_column-inner\"><div class=\"wpb_wrapper\"><div class=\"wpb_text_column\"><div class=\"wpb_wrapper\"><h2>K\u00fcnstler:innen \/ Kreative<\/h2>\n<\/div><\/div><div class=\"w-separator size_medium\"><\/div><div class=\"wpb_text_column\"><div class=\"wpb_wrapper\"><p><span style=\"font-weight: 400;\">Anima Jhagroe-Ruissen (NL), Asavari Kumar (US), Asuf Ishaq (UK), Costanza Coletti (IT), Fazle Shairmahomed (NL), Hindol Deb (DE), Homegrown (IN), Jos\u00e9 D\u00edaz de Le\u00f3n (DE), Kevita Junior (NL), Kulture Shop (IN), Manik Chander (DE), Marlene Millar (CA), Marlon Penn (NL), Mitali Solanki (IN), Mithu Sanyal (DE), Nausheen Javed (IN), Nazrina Rodjan (NL), Philip Szporer (CA), Prasanna Oommen (DE), Pravini Baboeram (NL), Rhea Gupte (IN), Ritu Arya (IN), Rubaina Bhikhie (NL), Sajid Wajid Shaikh (NL), Shantala Shivalingappa (FR), Shiladitya Bora (IN), Shrii (IN), Sinthujan Varatharajah (DE), Tanja Busking (NL), Taskien Khudabux (NL), Todh Teri (DE), Ujjwal Agarwal (IN), Varun Desai (IN), Vineetha Panalickal (DE), Zuleika Sheik (NL)\u00a0<\/span><\/p>\n<p><b>K\u00fcnstler:innen kuratiert von Kulture Shop (IN):<\/b><span style=\"font-weight: 400;\"> Aniya Varghese, Kunal Anand, Mayur Mengle, Muhammed Sajid, Nakul Talgeri, Namrata Vansadia, Nayna Yadav, Prince Lunawara, Ranganath <\/span><\/p>\n<\/div><\/div><div class=\"w-separator size_large\"><\/div><\/div><\/div><\/div><\/div><\/div><\/section>","protected":false},"excerpt":{"rendered":"2021 Overview Artists \/ Creatives Anima Jhagroe-Ruissen (NL), Asavari Kumar (US), Asuf Ishaq (UK), Costanza Coletti (IT), Fazle Shairmahomed (NL), Hindol Deb (DE), Homegrown (IN), Jos\u00e9 D\u00edaz de Le\u00f3n (DE), Kevita Junior (NL), Kulture Shop (IN), Manik Chander (DE), Marlene Millar (CA), Marlon Penn (NL), Mitali Solanki (IN), Mithu Sanyal (DE), Nausheen Javed (IN), Nazrina...","protected":false},"author":4,"featured_media":0,"parent":0,"menu_order":0,"comment_status":"closed","ping_status":"closed","template":"","meta":{"footnotes":""},"class_list":["post-6908","page","type-page","status-publish","hentry"],"_links":{"self":[{"href":"https:\/\/decolonia.org\/de\/wp-json\/wp\/v2\/pages\/6908","targetHints":{"allow":["GET"]}}],"collection":[{"href":"https:\/\/decolonia.org\/de\/wp-json\/wp\/v2\/pages"}],"about":[{"href":"https:\/\/decolonia.org\/de\/wp-json\/wp\/v2\/types\/page"}],"author":[{"embeddable":true,"href":"https:\/\/decolonia.org\/de\/wp-json\/wp\/v2\/users\/4"}],"replies":[{"embeddable":true,"href":"https:\/\/decolonia.org\/de\/wp-json\/wp\/v2\/comments?post=6908"}],"version-history":[{"count":0,"href":"https:\/\/decolonia.org\/de\/wp-json\/wp\/v2\/pages\/6908\/revisions"}],"wp:attachment":[{"href":"https:\/\/decolonia.org\/de\/wp-json\/wp\/v2\/media?parent=6908"}],"curies":[{"name":"wp","href":"https:\/\/api.w.org\/{rel}","templated":true}]}}