{"id":5890,"date":"2020-06-18T09:06:29","date_gmt":"2020-06-18T09:06:29","guid":{"rendered":"https:\/\/decolonia.org\/?page_id=5890"},"modified":"2021-05-27T12:01:40","modified_gmt":"2021-05-27T12:01:40","slug":"imprint","status":"publish","type":"page","link":"https:\/\/decolonia.org\/de\/imprint\/","title":{"rendered":"Impressum"},"content":{"rendered":"<section class=\"l-section wpb_row height_medium\"><div class=\"l-section-h i-cf\"><div class=\"g-cols vc_row via_flex valign_top type_default stacking_default\"><div class=\"vc_col-sm-12 wpb_column vc_column_container\"><div class=\"vc_column-inner\"><div class=\"wpb_wrapper\"><div class=\"g-cols wpb_row via_flex valign_top type_default stacking_default\"><div class=\"vc_col-sm-8 wpb_column vc_column_container\"><div class=\"vc_column-inner\"><div class=\"wpb_wrapper\"><div class=\"wpb_text_column\"><div class=\"wpb_wrapper\"><h2>Impressum<\/h2>\n<\/div><\/div><div class=\"w-separator size_medium\"><\/div><div class=\"wpb_text_column\"><div class=\"wpb_wrapper\"><p><strong>Masala Movement\u00a0e.V.<br \/>\n<\/strong>Hansenstr. 41, 50739 K\u00f6ln<\/p>\n<p><strong>E-Mail:<\/strong>\u00a0hello@masala-movement.de<\/p>\n<p><strong>Telefon:<\/strong>\u00a0+49 (0) 221 301 423 90<\/p>\n<\/div><\/div><div class=\"w-separator size_medium\"><\/div><div class=\"wpb_text_column\"><div class=\"wpb_wrapper\"><p><strong>Vorstand:\u00a0<\/strong>Manoj Kurian Kallupurackal, Sepiedeh Fazlali<\/p>\n<p><strong>Registergericht:<\/strong>\u00a0Amtsgericht\u00a0K\u00f6ln<br \/>\n<strong>Registernummer:<\/strong>\u00a0VR\u00a018556<\/p>\n<p><strong>V.i.S.d \u00a7 55 Abs. 2 RStV:<\/strong><br \/>\nManoj Kurian Kallupurackal<br \/>\nClever Str. 1, 50668 K\u00f6ln<br \/>\nE-Mail: hello@masala-movement.de<br \/>\nTelefon: +49 (0) 221 301 423 90<\/p>\n<\/div><\/div><div class=\"w-separator size_medium\"><\/div><div class=\"wpb_text_column\"><div class=\"wpb_wrapper\"><p>Alle Texte, Grafiken, Fotos, Videos und sonstigen Materialien der Website unterliegen dem Urheberrecht nach nationalem (deutschem) und internationalem Recht. Soweit nicht Eigentum oder anderweitig von Dritten in Anspruch genommen, liegen diese Urheberrechte bei Masala Movement e.V. oder bei den jeweiligen Partner:innen.<\/p>\n<p>Trotz sorgf\u00e4ltiger inhaltlicher Kontrolle \u00fcbernehmen wir keine Haftung f\u00fcr die Inhalte externer Links. F\u00fcr den Inhalt der verlinkten Seiten sind ausschlie\u00dflich deren Betreiber verantwortlich.<\/p>\n<\/div><\/div><\/div><\/div><\/div><div class=\"vc_col-sm-4 wpb_column vc_column_container\"><div class=\"vc_column-inner\"><div class=\"wpb_wrapper\"><\/div><\/div><\/div><\/div><div class=\"w-separator size_medium\"><\/div><\/div><\/div><\/div><\/div><\/div><\/section>","protected":false},"excerpt":{"rendered":"Imprint Masala Movement\u00a0e.V. Hansenstr. 41, 50739 K\u00f6ln, Germany Email:\u00a0hello@masala-movement.de Phone:\u00a0+49 (0) 221 301 423 90 Managing board:\u00a0Manoj Kurian Kallupurackal, Sepiedeh Fazlali Local court:\u00a0Amtsgericht\u00a0K\u00f6ln Registration no.:\u00a0VR\u00a018556 Responsible for the content according to \u00a7 55 Abs. 2 RStV: Manoj Kurian Kallupurackal Clever Str. 1, 50668 K\u00f6ln, Germany Email: hello@masala-movement.de Phone: +49 (0) 221 301 423 90 Any...","protected":false},"author":1,"featured_media":0,"parent":0,"menu_order":8,"comment_status":"closed","ping_status":"closed","template":"","meta":{"footnotes":""},"class_list":["post-5890","page","type-page","status-publish","hentry"],"_links":{"self":[{"href":"https:\/\/decolonia.org\/de\/wp-json\/wp\/v2\/pages\/5890","targetHints":{"allow":["GET"]}}],"collection":[{"href":"https:\/\/decolonia.org\/de\/wp-json\/wp\/v2\/pages"}],"about":[{"href":"https:\/\/decolonia.org\/de\/wp-json\/wp\/v2\/types\/page"}],"author":[{"embeddable":true,"href":"https:\/\/decolonia.org\/de\/wp-json\/wp\/v2\/users\/1"}],"replies":[{"embeddable":true,"href":"https:\/\/decolonia.org\/de\/wp-json\/wp\/v2\/comments?post=5890"}],"version-history":[{"count":0,"href":"https:\/\/decolonia.org\/de\/wp-json\/wp\/v2\/pages\/5890\/revisions"}],"wp:attachment":[{"href":"https:\/\/decolonia.org\/de\/wp-json\/wp\/v2\/media?parent=5890"}],"curies":[{"name":"wp","href":"https:\/\/api.w.org\/{rel}","templated":true}]}}