{"id":5764,"date":"2020-06-17T11:45:20","date_gmt":"2020-06-17T11:45:20","guid":{"rendered":"http:\/\/staging2020.indernet.online\/?page_id=5764"},"modified":"2022-06-08T16:09:06","modified_gmt":"2022-06-08T16:09:06","slug":"info","status":"publish","type":"page","link":"https:\/\/decolonia.org\/de\/info\/","title":{"rendered":"Info"},"content":{"rendered":"<section class=\"l-section wpb_row height_medium\"><div class=\"l-section-h i-cf\"><div class=\"g-cols vc_row via_flex valign_top type_default stacking_default\"><div class=\"vc_col-sm-12 wpb_column vc_column_container\"><div class=\"vc_column-inner\"><div class=\"wpb_wrapper\"><div class=\"g-cols wpb_row via_flex valign_top type_default stacking_default\"><div class=\"vc_col-sm-6 wpb_column vc_column_container\"><div class=\"vc_column-inner\"><div class=\"wpb_wrapper\"><div class=\"w-slider style_none fit_scaledown nav_none count_5\"><div class=\"w-slider-h\" aria-hidden=\"true\"><div class=\"royalSlider\"><div class=\"rsContent\"><a class=\"rsImg\" data-rsw=\"1688\" data-rsh=\"1688\" href=\"https:\/\/decolonia.org\/wp-content\/uploads\/2022\/02\/MasalaMovement_Indernet_2022.png\"><span data-alt=\"\"><\/span><\/a><\/div><div class=\"rsContent\"><a class=\"rsImg\" data-rsw=\"1688\" data-rsh=\"1688\" href=\"https:\/\/decolonia.org\/wp-content\/uploads\/2021\/03\/MasalaMovement_Indernet_2021.png\"><span data-alt=\"\"><\/span><\/a><\/div><div class=\"rsContent\"><a class=\"rsImg\" data-rsw=\"1688\" data-rsh=\"1688\" href=\"https:\/\/decolonia.org\/wp-content\/uploads\/2020\/06\/MasalaMovement_Indernet_2020.png\"><span data-alt=\"\"><\/span><\/a><\/div><div class=\"rsContent\"><a class=\"rsImg\" data-rsw=\"1688\" data-rsh=\"1688\" href=\"https:\/\/decolonia.org\/wp-content\/uploads\/2020\/06\/MasalaMovement_Indernet_2019.png\"><span data-alt=\"\"><\/span><\/a><\/div><div class=\"rsContent\"><a class=\"rsImg\" data-rsw=\"1688\" data-rsh=\"1688\" href=\"https:\/\/decolonia.org\/wp-content\/uploads\/2020\/06\/MasalaMovement_Indernet_2018.png\"><span data-alt=\"\"><\/span><\/a><\/div><\/div><img decoding=\"async\" src=\"https:\/\/decolonia.org\/wp-content\/uploads\/2022\/02\/MasalaMovement_Indernet_2022.png\" width=\"1688\" height=\"1688\" alt loading=\"lazy\"><\/div><div class=\"w-slider-json\" onclick='return {&quot;autoScaleSlider&quot;:true,&quot;addActiveClass&quot;:true,&quot;loop&quot;:true,&quot;fadeInLoadedSlide&quot;:false,&quot;slidesSpacing&quot;:0,&quot;imageScalePadding&quot;:0,&quot;numImagesToPreload&quot;:2,&quot;arrowsNav&quot;:false,&quot;arrowsNavAutoHide&quot;:false,&quot;transitionType&quot;:&quot;move&quot;,&quot;transitionSpeed&quot;:250,&quot;block&quot;:{&quot;moveEffect&quot;:&quot;none&quot;,&quot;speed&quot;:300},&quot;thumbs&quot;:{&quot;fitInViewport&quot;:false,&quot;firstMargin&quot;:false,&quot;spacing&quot;:4},&quot;controlNavigation&quot;:&quot;none&quot;,&quot;autoplay&quot;:{&quot;enabled&quot;:true,&quot;pauseOnHover&quot;:false,&quot;delay&quot;:3000},&quot;autoScaleSliderWidth&quot;:1688,&quot;autoScaleSliderHeight&quot;:1688}'><\/div><\/div><\/div><\/div><\/div><div class=\"vc_col-sm-6 wpb_column vc_column_container\"><div class=\"vc_column-inner\"><div class=\"wpb_wrapper\"><div class=\"wpb_text_column\"><div class=\"wpb_wrapper\"><h2>Festival for contemporary Indian inspired culture<\/h2>\n<\/div><\/div><div class=\"w-separator size_medium\"><\/div><div class=\"wpb_text_column\"><div class=\"wpb_wrapper\"><p>Das Internet kann verbinden und spalten, emanzipieren und polarisieren, sowohl Gutes als auch unwiderruflich Schlechtes bewirken. Es ist widerspr\u00fcchlich, exponentiell wachsend, kultur- und orts\u00fcbergreifend, eine unersch\u00f6pfliche, stets kritisch zu betrachtende Inspirationsquelle und Plattform.<\/p>\n<p class=\"p1\">In Form einer j\u00e4hrlichen Kunst- und Designveranstaltung erkundet INDERNET die Parallelen und Wechselwirkung zwischen digitaler und indisch-inspirierter Kultur. Hierbei gilt es, auf dem immer schmaler werdenden Grat zwischen Inflation und Innovation, Kommerzialisierung und Selbstverwirklichung, Technologie und Spiritualit\u00e4t, Nationalit\u00e4t und Identit\u00e4t zu balancieren.<\/p>\n<p>Wir pr\u00e4sentieren Arbeiten von Kreativen aus aller Welt, die das Internet als Instrument und B\u00fchne zugleich nutzen. Die Auswahl der Teilnehmer:innen ist eine interdisziplin\u00e4re Mischung aus K\u00fcnstler:innen, Designer:innen und Medienmacher:innen.<\/p>\n<p>INDERNET f\u00f6rdert unterrepr\u00e4sentierte Kreative an der Schnittstelle von Kunst, Kultur und Technologie.<\/p>\n<\/div><\/div><\/div><\/div><\/div><\/div><\/div><\/div><\/div><\/div><\/div><\/section><section class=\"l-section wpb_row height_medium\"><div class=\"l-section-h i-cf\"><div class=\"g-cols vc_row via_flex valign_top type_default stacking_default\"><div class=\"vc_col-sm-2 wpb_column vc_column_container\"><div class=\"vc_column-inner\"><div class=\"wpb_wrapper\"><\/div><\/div><\/div><div class=\"vc_col-sm-8 wpb_column vc_column_container\"><div class=\"vc_column-inner\"><div class=\"wpb_wrapper\"><div class=\"wpb_text_column\"><div class=\"wpb_wrapper\"><h3 style=\"text-align: center;\">Das Team<\/h3>\n<\/div><\/div><div class=\"w-separator size_medium\"><\/div><div class=\"wpb_text_column\"><div class=\"wpb_wrapper\"><p style=\"text-align: center;\">Manoj Kurian Kallupurackal (Kreativleitung)<br \/>\nVineetha Panalickal (Production Support)<br \/>\nKathrin Seifert (PR)<br \/>\nAradhana Sharma (Social Media)<br \/>\nPooja Bangad (Community Support)<br \/>\nAhjosh Elavumkal (Film)<br \/>\nPawas Gupta (Sound)<br \/>\nVimal Kandoth (Web)<\/p>\n<\/div><\/div><div class=\"w-separator size_medium\"><\/div><div class=\"w-image align_center\"><a href=\"https:\/\/masala-movement.de\/about\/\" aria-label=\"MM_Logoani_S\" class=\"w-image-h\"><img decoding=\"async\" width=\"125\" height=\"109\" src=\"https:\/\/decolonia.org\/wp-content\/uploads\/2020\/06\/MM_Logoani_S.gif\" class=\"attachment-full size-full\" alt=\"\" loading=\"lazy\" \/><\/a><\/div><\/div><\/div><\/div><div class=\"vc_col-sm-2 wpb_column vc_column_container\"><div class=\"vc_column-inner\"><div class=\"wpb_wrapper\"><\/div><\/div><\/div><\/div><\/div><\/section><section class=\"l-section wpb_row us_custom_e47d7875 height_medium\"><div class=\"l-section-h i-cf\"><div class=\"g-cols vc_row via_flex valign_top type_default stacking_default\"><div class=\"vc_col-sm-12 wpb_column vc_column_container\"><div class=\"vc_column-inner us_custom_eb849559\"><div class=\"wpb_wrapper\"><div class=\"wpb_text_column\"><div class=\"wpb_wrapper\"><h3 style=\"text-align: center;\">Impressionen<\/h3>\n<\/div><\/div><div class=\"w-separator size_medium\"><\/div><div class=\"w-video align_center ratio_16x9 has_iframe\"><div class=\"w-video-h\"><iframe title=\"Youtube video player\" src=\"\/\/www.youtube.com\/embed\/2zwfbL7PJZs?autoplay=0&controls=1&origin=https:\/\/decolonia.org\/de&loop=0&mute=0\" allowfullscreen=\"1\" loading=\"lazy\"><\/iframe><\/div><\/div><div class=\"w-separator size_small\"><\/div><div class=\"w-btn-wrapper align_none\"><a class=\"w-btn us-btn-style_1 us_custom_eb849559\" title=\"INDERNET 2020\" href=\"https:\/\/decolonia.org\/de\/\"><span class=\"w-btn-label\">FIND OUT MORE<\/span><\/a><\/div><div class=\"w-separator size_medium\"><\/div><div class=\"w-video align_center ratio_16x9 has_iframe\"><div class=\"w-video-h\"><iframe title=\"Youtube video player\" src=\"\/\/www.youtube.com\/embed\/dervm2d1p_M?autoplay=0&controls=1&origin=https:\/\/decolonia.org\/de&loop=0&mute=0\" allowfullscreen=\"1\" loading=\"lazy\"><\/iframe><\/div><\/div><div class=\"w-separator size_small\"><\/div><div class=\"w-btn-wrapper align_none\"><a class=\"w-btn us-btn-style_1 us_custom_eb849559\" title=\"INDERNET 2020\" href=\"https:\/\/decolonia.org\/de\/indernet2020\/\"><span class=\"w-btn-label\">FIND OUT MORE<\/span><\/a><\/div><div class=\"w-separator size_medium\"><\/div><div class=\"w-video align_center ratio_16x9 has_iframe\"><div class=\"w-video-h\"><iframe title=\"Youtube video player\" src=\"\/\/www.youtube.com\/embed\/dIqntYZvEsA?autoplay=0&controls=1&origin=https:\/\/decolonia.org\/de&loop=0&mute=0\" allowfullscreen=\"1\" loading=\"lazy\"><\/iframe><\/div><\/div><div class=\"w-separator size_small\"><\/div><div class=\"w-btn-wrapper align_none\"><a class=\"w-btn us-btn-style_1 us_custom_eb849559\" target=\" _blank\" rel=\"nofollow\" href=\"https:\/\/masala-movement.de\/notes\/review-indernet-2019\/\"><span class=\"w-btn-label\">FIND OUT MORE<\/span><\/a><\/div><div class=\"w-separator size_medium\"><\/div><div class=\"w-video align_center ratio_16x9 has_iframe\"><div class=\"w-video-h\"><iframe title=\"Youtube video player\" src=\"\/\/www.youtube.com\/embed\/sNcOfdFCfFU?autoplay=0&controls=1&origin=https:\/\/decolonia.org\/de&loop=0&mute=0\" allowfullscreen=\"1\" loading=\"lazy\"><\/iframe><\/div><\/div><div class=\"w-separator size_small\"><\/div><div class=\"w-btn-wrapper align_none\"><a class=\"w-btn us-btn-style_1 us_custom_eb849559\" target=\" _blank\" rel=\"nofollow\" href=\"https:\/\/masala-movement.de\/notes\/review-indernet-2018\/\"><span class=\"w-btn-label\">FIND OUT MORE<\/span><\/a><\/div><\/div><\/div><\/div><\/div><\/div><\/section>","protected":false},"excerpt":{"rendered":"Festival for contemporary Indian inspired culture The Internet can connect and divide, emancipate and polarise, causing both good and irreversible bad. It is contradictory, exponentially growing, cross-cultural and cross-local, an inexhaustible source of inspiration and platform that must always be considered critically. In the form of an annual art and design event, INDERNET explores the...","protected":false},"author":1,"featured_media":0,"parent":0,"menu_order":6,"comment_status":"closed","ping_status":"closed","template":"","meta":{"footnotes":""},"class_list":["post-5764","page","type-page","status-publish","hentry"],"_links":{"self":[{"href":"https:\/\/decolonia.org\/de\/wp-json\/wp\/v2\/pages\/5764","targetHints":{"allow":["GET"]}}],"collection":[{"href":"https:\/\/decolonia.org\/de\/wp-json\/wp\/v2\/pages"}],"about":[{"href":"https:\/\/decolonia.org\/de\/wp-json\/wp\/v2\/types\/page"}],"author":[{"embeddable":true,"href":"https:\/\/decolonia.org\/de\/wp-json\/wp\/v2\/users\/1"}],"replies":[{"embeddable":true,"href":"https:\/\/decolonia.org\/de\/wp-json\/wp\/v2\/comments?post=5764"}],"version-history":[{"count":0,"href":"https:\/\/decolonia.org\/de\/wp-json\/wp\/v2\/pages\/5764\/revisions"}],"wp:attachment":[{"href":"https:\/\/decolonia.org\/de\/wp-json\/wp\/v2\/media?parent=5764"}],"curies":[{"name":"wp","href":"https:\/\/api.w.org\/{rel}","templated":true}]}}